{"id":6841,"date":"2025-01-09T11:42:21","date_gmt":"2025-01-09T10:42:21","guid":{"rendered":"https:\/\/rickdothings.com\/prodotto\/optimus-prime-hoodie"},"modified":"2025-01-09T11:43:13","modified_gmt":"2025-01-09T10:43:13","slug":"optimus-prime-hoodie","status":"publish","type":"product","link":"https:\/\/rickdothings.com\/it\/prodotto\/optimus-prime-hoodie","title":{"rendered":"Felpa con cappuccio Optimus Prime"},"content":{"rendered":"<p>Who knew that the softest hoodie you&#8217;ll ever own comes with such a cool design. You won&#8217;t regret buying this classic streetwear piece of apparel with a convenient pouch pocket and warm hood for chilly evenings.<\/p>\n<p>\u2022 100% cotton face<br \/>\n\u2022 65% ring-spun cotton, 35% polyester<br \/>\n\u2022 Front pouch pocket<br \/>\n\u2022 Self-fabric patch on the back<br \/>\n\u2022 Matching flat drawstrings<br \/>\n\u2022 3-panel hood<br \/>\n\u2022 Blank product sourced from Pakistan<\/p>\n<p>Disclaimer: questa felpa con cappuccio veste piccola. Per una vestibilit\u00e0 perfetta, consigliamo di ordinare una taglia in pi\u00f9 rispetto alla tua solita taglia.<\/p>\n<p>Questo prodotto viene realizzato appositamente per te non appena effettui un ordine, motivo per cui ci mettiamo un po&#039; pi\u00f9 di tempo per consegnartelo. Realizzare prodotti su richiesta anzich\u00e9 in grandi quantit\u00e0 aiuta a ridurre la sovrapproduzione, quindi grazie per aver preso decisioni di acquisto ponderate!<\/p>\n<p>\u2022 Traceability:<br \/>\n&#8211; Weaving\u2014Pakistan<br \/>\n&#8211; Dyeing\u2014Pakistan<br \/>\n&#8211; Manufacturing\u2014Pakistan<br \/>\n\u2022 Contains 0% recycled polyester<br \/>\n\u2022 Contains 0% dangerous substances<\/p>\n<p>Limitazioni di et\u00e0: per adulti<br \/>\nGaranzia UE: 2 anni<br \/>\nAltre informazioni sulla conformit\u00e0: soddisfa i requisiti di infiammabilit\u00e0 e di livelli di piombo, cadmio, bisfenoli e ftalati.<\/p>\n<p>In conformit\u00e0 al Regolamento sulla sicurezza generale dei prodotti (GPSR), <b>Rovere Inc.<\/b> garantisce che tutti i prodotti di consumo offerti siano sicuri e rispettino gli standard UE. Per qualsiasi domanda o dubbio sulla sicurezza dei prodotti, contattateci a <b>alex.oak@company.com<\/b> oppure scrivici <b>123 Main Street, qualsiasi citt\u00e0, campagna.<b \/><\/p>","protected":false},"excerpt":{"rendered":"<p>Who knew that the softest hoodie you&#8217;ll ever own comes with such a cool design. You won&#8217;t regret buying this classic streetwear piece of apparel with a convenient pouch pocket and warm hood for chilly evenings. \u2022 100% cotton face \u2022 65% ring-spun cotton, 35% polyester \u2022 Front pouch pocket \u2022 Self-fabric patch on the [&hellip;]<\/p>","protected":false},"featured_media":6874,"template":"","meta":[],"product_brand":[],"product_cat":[186],"product_tag":[],"class_list":{"0":"post-6841","1":"product","2":"type-product","3":"status-publish","4":"has-post-thumbnail","6":"product_cat-hoodie","8":"first","9":"instock","10":"taxable","11":"shipping-taxable","12":"purchasable","13":"product-type-variable"},"_links":{"self":[{"href":"https:\/\/rickdothings.com\/it\/wp-json\/wp\/v2\/product\/6841","targetHints":{"allow":["GET"]}}],"collection":[{"href":"https:\/\/rickdothings.com\/it\/wp-json\/wp\/v2\/product"}],"about":[{"href":"https:\/\/rickdothings.com\/it\/wp-json\/wp\/v2\/types\/product"}],"version-history":[{"count":0,"href":"https:\/\/rickdothings.com\/it\/wp-json\/wp\/v2\/product\/6841\/revisions"}],"wp:featuredmedia":[{"embeddable":true,"href":"https:\/\/rickdothings.com\/it\/wp-json\/wp\/v2\/media\/6874"}],"wp:attachment":[{"href":"https:\/\/rickdothings.com\/it\/wp-json\/wp\/v2\/media?parent=6841"}],"wp:term":[{"taxonomy":"product_brand","embeddable":true,"href":"https:\/\/rickdothings.com\/it\/wp-json\/wp\/v2\/product_brand?post=6841"},{"taxonomy":"product_cat","embeddable":true,"href":"https:\/\/rickdothings.com\/it\/wp-json\/wp\/v2\/product_cat?post=6841"},{"taxonomy":"product_tag","embeddable":true,"href":"https:\/\/rickdothings.com\/it\/wp-json\/wp\/v2\/product_tag?post=6841"}],"curies":[{"name":"wp","href":"https:\/\/api.w.org\/{rel}","templated":true}]}}