{"id":6649,"date":"2025-01-09T10:59:49","date_gmt":"2025-01-09T09:59:49","guid":{"rendered":"https:\/\/rickdothings.com\/prodotto\/gundam-mug"},"modified":"2025-01-09T11:00:31","modified_gmt":"2025-01-09T10:00:31","slug":"gundam-mug","status":"publish","type":"product","link":"https:\/\/rickdothings.com\/it\/prodotto\/gundam-mug","title":{"rendered":"Tazza Gundam"},"content":{"rendered":"<p>Aggiungi un tocco di colore al tuo rituale mattutino del caff\u00e8 o del t\u00e8! Queste tazze in ceramica non solo hanno un bel design, ma anche un bordo, un manico e un interno colorati, quindi la tazza \u00e8 destinata a ravvivare il tuo porta tazze.<\/p>\n<p>\u2022 Ceramic<br \/>\n\u2022 11 oz mug dimensions: 3.79\u2033 (9.6 cm) in height, 3.25\u2033 (8.3 cm) in diameter<br \/>\n\u2022 15 oz mug dimensions: 4.69\u2033 (11.9 cm) in height, 3.35\u2033 (8.5 cm) in diameter<br \/>\n\u2022 Lead and BPA-free material<br \/>\n\u2022 Colored rim, inside, and handle<br \/>\n\u2022 Dishwasher and microwave safe<\/p>\n<p>Questo prodotto viene realizzato appositamente per te non appena effettui un ordine, motivo per cui ci mettiamo un po&#039; pi\u00f9 di tempo per consegnartelo. Realizzare prodotti su richiesta anzich\u00e9 in grandi quantit\u00e0 aiuta a ridurre la sovrapproduzione, quindi grazie per aver preso decisioni di acquisto ponderate!<\/p>\n<p>Limitazioni di et\u00e0: per adulti<br \/>\nGaranzia UE: 2 anni<br \/>\nAltre informazioni sulla conformit\u00e0: soddisfa i requisiti relativi ai livelli di piombo e cadmio.<\/p>\n<p>In conformit\u00e0 al Regolamento sulla sicurezza generale dei prodotti (GPSR), <b>Rovere Inc.<\/b> garantisce che tutti i prodotti di consumo offerti siano sicuri e rispettino gli standard UE. Per qualsiasi domanda o dubbio sulla sicurezza dei prodotti, contattateci a <b>alex.oak@company.com<\/b> oppure scrivici <b>123 Main Street, qualsiasi citt\u00e0, campagna.<b \/><\/p>","protected":false},"excerpt":{"rendered":"<p>Add a splash of color to your morning coffee or tea ritual! These ceramic mugs not only have a beautiful design on them, but also a colorful rim, handle, and inside, so the mug is bound to spice up your mug rack. \u2022 Ceramic \u2022 11 oz mug dimensions: 3.79\u2033 (9.6 cm) in height, 3.25\u2033 [&hellip;]<\/p>","protected":false},"featured_media":6652,"template":"","meta":[],"product_brand":[],"product_cat":[193],"product_tag":[],"class_list":{"0":"post-6649","1":"product","2":"type-product","3":"status-publish","4":"has-post-thumbnail","6":"product_cat-mug","8":"first","9":"instock","10":"taxable","11":"shipping-taxable","12":"purchasable","13":"product-type-variable"},"_links":{"self":[{"href":"https:\/\/rickdothings.com\/it\/wp-json\/wp\/v2\/product\/6649","targetHints":{"allow":["GET"]}}],"collection":[{"href":"https:\/\/rickdothings.com\/it\/wp-json\/wp\/v2\/product"}],"about":[{"href":"https:\/\/rickdothings.com\/it\/wp-json\/wp\/v2\/types\/product"}],"version-history":[{"count":0,"href":"https:\/\/rickdothings.com\/it\/wp-json\/wp\/v2\/product\/6649\/revisions"}],"wp:featuredmedia":[{"embeddable":true,"href":"https:\/\/rickdothings.com\/it\/wp-json\/wp\/v2\/media\/6652"}],"wp:attachment":[{"href":"https:\/\/rickdothings.com\/it\/wp-json\/wp\/v2\/media?parent=6649"}],"wp:term":[{"taxonomy":"product_brand","embeddable":true,"href":"https:\/\/rickdothings.com\/it\/wp-json\/wp\/v2\/product_brand?post=6649"},{"taxonomy":"product_cat","embeddable":true,"href":"https:\/\/rickdothings.com\/it\/wp-json\/wp\/v2\/product_cat?post=6649"},{"taxonomy":"product_tag","embeddable":true,"href":"https:\/\/rickdothings.com\/it\/wp-json\/wp\/v2\/product_tag?post=6649"}],"curies":[{"name":"wp","href":"https:\/\/api.w.org\/{rel}","templated":true}]}}