{"id":6234,"date":"2025-01-09T09:00:48","date_gmt":"2025-01-09T08:00:48","guid":{"rendered":"https:\/\/rickdothings.com\/prodotto\/unisex-classic-tee-3"},"modified":"2025-01-09T09:03:59","modified_gmt":"2025-01-09T08:03:59","slug":"unisex-classic-tee-3","status":"publish","type":"product","link":"https:\/\/rickdothings.com\/it\/prodotto\/unisex-classic-tee-3","title":{"rendered":"Maglietta Ultraman senza testo"},"content":{"rendered":"<p>The 100% cotton unisex classic tee will help you land a more structured look. It sits nicely, maintains sharp lines around the edges, and goes perfectly with layered streetwear outfits. Plus, it&#8217;s extra trendy now! <\/p>\n<p> \u2022 100% cotton<br \/>\n \u2022 Sport Grey is 90% cotton, 10% polyester<br \/>\n \u2022 Ash Grey is 99% cotton, 1% polyester<br \/>\n \u2022 Heather colors are 50% cotton, 50% polyester<br \/>\n \u2022 Fabric weight: 5.0\u20135.3 oz\/yd\u00b2 (170-180 g\/m\u00b2)<br \/>\n \u2022 Open-end yarn<br \/>\n \u2022 Tubular fabric<br \/>\n \u2022 Taped neck and shoulders<br \/>\n \u2022 Double seam at sleeves and bottom hem<br \/>\n \u2022 Blank product sourced from Honduras, Nicaragua, Haiti, Dominican Republic, Bangladesh, Mexico<\/p>\n<p>Questo prodotto viene realizzato appositamente per te non appena effettui un ordine, motivo per cui ci mettiamo un po&#039; pi\u00f9 di tempo per consegnartelo. Realizzare prodotti su richiesta anzich\u00e9 in grandi quantit\u00e0 aiuta a ridurre la sovrapproduzione, quindi grazie per aver preso decisioni di acquisto ponderate!<\/p>\n<p>\u2022 Traceability:<br \/>\n&#8211; Knitting\u2014Honduras, the Dominican Republic<br \/>\n&#8211; Dyeing\u2014Honduras, the Dominican Republic<br \/>\n&#8211; Manufacturing\u2014Nicaragua, Honduras, Haiti, El Salvador, or the Dominican Republic<br \/>\n\u2022 Contains 0% recycled polyester<br \/>\n\u2022 Contains 0% dangerous substances<\/p>\n<p>Limitazioni di et\u00e0: per adulti<br \/>\nGaranzia UE: 2 anni<br \/>\nAltre informazioni sulla conformit\u00e0: soddisfa i requisiti di infiammabilit\u00e0 e di livelli di piombo, cadmio, ftalati e formaldeide.<\/p>\n<p>In conformit\u00e0 al Regolamento sulla sicurezza generale dei prodotti (GPSR), <b>Rovere Inc.<\/b> garantisce che tutti i prodotti di consumo offerti siano sicuri e rispettino gli standard UE. Per qualsiasi domanda o dubbio sulla sicurezza dei prodotti, contattateci a <b>alex.oak@company.com<\/b> oppure scrivici <b>123 Main Street, qualsiasi citt\u00e0, campagna.<b \/><\/p>","protected":false},"excerpt":{"rendered":"<p>The 100% cotton unisex classic tee will help you land a more structured look. It sits nicely, maintains sharp lines around the edges, and goes perfectly with layered streetwear outfits. Plus, it&#8217;s extra trendy now! \u2022 100% cotton \u2022 Sport Grey is 90% cotton, 10% polyester \u2022 Ash Grey is 99% cotton, 1% polyester \u2022 [&hellip;]<\/p>","protected":false},"featured_media":6281,"template":"","meta":[],"product_brand":[],"product_cat":[139],"product_tag":[],"class_list":{"0":"post-6234","1":"product","2":"type-product","3":"status-publish","4":"has-post-thumbnail","6":"product_cat-t-shirts","8":"first","9":"instock","10":"taxable","11":"shipping-taxable","12":"purchasable","13":"product-type-variable"},"_links":{"self":[{"href":"https:\/\/rickdothings.com\/it\/wp-json\/wp\/v2\/product\/6234","targetHints":{"allow":["GET"]}}],"collection":[{"href":"https:\/\/rickdothings.com\/it\/wp-json\/wp\/v2\/product"}],"about":[{"href":"https:\/\/rickdothings.com\/it\/wp-json\/wp\/v2\/types\/product"}],"version-history":[{"count":0,"href":"https:\/\/rickdothings.com\/it\/wp-json\/wp\/v2\/product\/6234\/revisions"}],"wp:featuredmedia":[{"embeddable":true,"href":"https:\/\/rickdothings.com\/it\/wp-json\/wp\/v2\/media\/6281"}],"wp:attachment":[{"href":"https:\/\/rickdothings.com\/it\/wp-json\/wp\/v2\/media?parent=6234"}],"wp:term":[{"taxonomy":"product_brand","embeddable":true,"href":"https:\/\/rickdothings.com\/it\/wp-json\/wp\/v2\/product_brand?post=6234"},{"taxonomy":"product_cat","embeddable":true,"href":"https:\/\/rickdothings.com\/it\/wp-json\/wp\/v2\/product_cat?post=6234"},{"taxonomy":"product_tag","embeddable":true,"href":"https:\/\/rickdothings.com\/it\/wp-json\/wp\/v2\/product_tag?post=6234"}],"curies":[{"name":"wp","href":"https:\/\/api.w.org\/{rel}","templated":true}]}}