{"id":4235,"date":"2023-11-26T14:32:17","date_gmt":"2023-11-26T13:32:17","guid":{"rendered":"https:\/\/rick.uno\/refund-and-returns-policy\/"},"modified":"2025-01-06T19:08:51","modified_gmt":"2025-01-06T18:08:51","slug":"terms-and-conditions","status":"publish","type":"page","link":"https:\/\/rickdothings.com\/it\/terms-and-conditions","title":{"rendered":"Termini e Condizioni"},"content":{"rendered":"<div data-elementor-type=\"wp-page\" data-elementor-id=\"4235\" class=\"elementor elementor-4235\" data-elementor-post-type=\"page\">\n\t\t\t\t<div class=\"elementor-element elementor-element-dc08cf1 e-flex e-con-boxed e-con e-parent\" data-id=\"dc08cf1\" data-element_type=\"container\">\n\t\t\t\t\t<div class=\"e-con-inner\">\n\t\t\t\t<div class=\"elementor-element elementor-element-3571d1c elementor-widget elementor-widget-heading\" data-id=\"3571d1c\" data-element_type=\"widget\" data-widget_type=\"heading.default\">\n\t\t\t\t<div class=\"elementor-widget-container\">\n\t\t\t\t\t<h2 class=\"elementor-heading-title elementor-size-default\">Termini e condizioni<\/h2>\t\t\t\t<\/div>\n\t\t\t\t<\/div>\n\t\t\t\t<div class=\"elementor-element elementor-element-44ab098 elementor-widget elementor-widget-text-editor\" data-id=\"44ab098\" data-element_type=\"widget\" data-widget_type=\"text-editor.default\">\n\t\t\t\t<div class=\"elementor-widget-container\">\n\t\t\t\t\t\t\t\t\t<p>Le presenti Condizioni di Vendita disciplinano l&#039;acquisto telematico dei prodotti e degli accessori effettuato tramite il sito <a href=\"https:\/\/rickdothings.com\/it\/\">www.rickdothings.com<\/a> (di seguito \u201cil Sito\u201d). Le presenti condizioni sono formulate e fornite in conformit\u00e0 alle disposizioni disciplinate dal D.Lgs. 09.04.2003 n. 70 e successive modifiche, dal D.Lgs. 6 settembre 2005 n. 206 (Codice del Consumo) e successive modifiche ed integrazioni in materia di vendite a distanza ai consumatori nonch\u00e9 dalla Direttiva Comunitaria Europea 2003\/31\/CE recepita in Italia dal D.Lgs. 70 del 2003 e successive modifiche ed integrazioni.<\/p><p><br \/><strong>Conclusione del contratto<\/strong><\/p><p>Il contratto si conclude attraverso la rete Internet, mediante l&#039;accesso del Cliente o del Professionista al sito con l&#039;invio di un ordine di acquisto secondo la procedura prevista e la sua successiva accettazione da parte del Venditore. L&#039;ordine di acquisto ha valore di proposta contrattuale ed \u00e8 regolato dalle presenti condizioni generali di vendita, che il Cliente \u00e8 tenuto ad accettare integralmente e senza riserva alcuna, non prima di averle attentamente esaminate.<\/p><p>Il Cliente che invia l&#039;ordine via Internet tramite il presente sito ricever\u00e0, al termine della procedura, una comunicazione di conferma dell&#039;ordine tramite posta elettronica (e-mail), con l&#039;indicazione del relativo numero d&#039;ordine; nel caso in cui, dopo l&#039;invio dell&#039;ordine, non compaia (trascorsi alcuni minuti) il numero d&#039;ordine, la proposta si intender\u00e0 non accettata, ad ogni effetto di legge, anche se per motivi contabili, amministrativi o carenza di prodotto.<\/p><p>All&#039;interno dell&#039;e-shop \u00e8 possibile selezionare e prenotare i singoli prodotti proposti. Sar\u00e0 sufficiente indicare la quantit\u00e0 e confermare, fatta salva la selezione di eventuali varianti. In questo modo i prodotti vengono inseriti all&#039;interno del carrello virtuale.<\/p><p>\u00c8 possibile aggiungere, annullare o confermare tutte le prenotazioni effettuate fino a quel momento.<\/p><p>Per confermare l&#039;ordine il Cliente potr\u00e0 procedere nei seguenti modi:<\/p><p>1. se gi\u00e0 registrato, tramite indirizzo e-mail e password;<\/p><p>2. se non ancora registrato, procedendo alla registrazione, fornendo tutti i dati richiesti;<\/p><p>3. senza registrazione, fornendo quando richiesto i dati necessari per finalizzare l&#039;acquisto.<\/p><p>L&#039;acquisto sar\u00e0 considerato finalizzato solo nel momento in cui l&#039;ordine verr\u00e0 confermato via e-mail tramite il modulo &quot;conferma ordine&quot;. La conferma viene inviata entro un massimo di 2 giorni lavorativi dal ricevimento dell&#039;ordine.<\/p><p><br \/><strong>Disponibilit\u00e0 del prodotto e prezzo di vendita<\/strong><\/p><p>Per ogni articolo viene indicato il prezzo di vendita unitario espresso in valuta, IVA inclusa ed escluse le spese di spedizione.<\/p><p>Le spese di spedizione possono variare in base alla tipologia di consegna, alla quantit\u00e0 dei prodotti da spedire, al loro volume, al loro peso e al luogo di destinazione; saranno evidenziate durante la procedura di acquisto e nel modulo di \u201cconferma ordine VS\u201d.<\/p><p>Tutti i prodotti presenti nell&#039;e-shop vengono stampati su richiesta, pertanto il tempo medio di consegna \u00e8 di _____. Qualora si verificassero imprevisti dovuti a ritardi nella consegna dei prodotti, il Cliente verr\u00e0 tempestivamente informato tramite e-mail, cos\u00ec come nel caso di indisponibilit\u00e0 anche temporanea di uno o pi\u00f9 prodotti.<\/p><p>Il Venditore spedisce in tutti i Paesi indicati in fase di registrazione. Tuttavia, potrebbero verificarsi casi in cui problemi doganali impediscano la consegna dei prodotti ordinati. In questo caso il Cliente verr\u00e0 tempestivamente informato via e-mail e rimborsato in seguito.<\/p><p><br \/><strong>Metodi di pagamento<\/strong><\/p><p>Carlo Pisellonio accetta pagamenti solo tramite i sistemi elencati di seguito:<\/p><p>(UN) <strong>Pagamento tramite PayPal<\/strong><\/p><p>b) Carta di credito (American Express, Visa o Mastercard). L&#039;importo totale di un ordine verr\u00e0 addebitato solo al momento della spedizione effettiva dei prodotti. Queste informazioni non vengono memorizzate e\/o archiviate da Rick Do Things.<\/p><p>(C) <strong>Banda<\/strong><\/p><p><br \/><strong>Consegna della merce e spese di spedizione<\/strong><\/p><p>Tutti i prodotti ordinati dal Cliente e confermati dal Venditore, saranno spediti tramite Corriere all&#039;indirizzo indicato dal Cliente per la consegna. Le spese di spedizione vengono calcolate al momento del pagamento dell&#039;ordine, a seconda del paese di destinazione dell&#039;ordine.<\/p><p>I prodotti verranno stampati e spediti solo dopo che il pagamento dell&#039;importo dell&#039;ordine sar\u00e0 stato debitamente registrato e confermato.<br \/>Poich\u00e9 i prodotti vengono stampati su richiesta del Cliente, i tempi di consegna potrebbero variare.<\/p><p><br \/><strong>Tasse di importazione e dazi doganali<\/strong><\/p><p>I prodotti venduti non sono soggetti ad alcuna tassa di importazione o dazio doganale, se il prodotto \u00e8 venduto e consegnato in Italia o all&#039;interno dell&#039;Unione Europea.<br \/>In ogni caso, eventuali costi relativi a tasse di importazione e\/o dazi doganali saranno a carico del cliente.<\/p><p>\u00a0<\/p><p><strong>Diritto di recesso<\/strong><\/p><p>Tutti i prodotti venduti tramite il Sito sono realizzati su misura per il cliente, pertanto non \u00e8 consentito il recesso ad nutum (senza giustificazione).<\/p><p>Il Venditore sar\u00e0 responsabile in caso di taglia errata, prodotto non conforme alla descrizione o taglia errata, nel qual caso si applicheranno le disposizioni per la restituzione dell&#039;articolo, con eventuale rimborso o sostituzione, previste all&#039;articolo 7.<\/p><p><br \/><strong>Ritorno<\/strong><\/p><p>Se il prodotto consegnato risulta difettoso o danneggiato, il Cliente dovr\u00e0 darne comunicazione al Venditore il prima possibile e fornire prova fotografica del danno o del difetto, e comunque non oltre 14 giorni dal ricevimento.<br \/>Nel caso in cui il pacco risulti visibilmente danneggiato sar\u00e0 necessario procedere con l&#039;accettazione con riserva di controllo direttamente al momento della consegna da parte del Corriere.<\/p><p>In caso di prodotto errato, difettoso o danneggiato, il Cliente dovr\u00e0 comunque contattare il Venditore che gli comunicher\u00e0 le istruzioni per la consegna del pacco al Corriere e gli fornir\u00e0 l&#039;etichetta di spedizione.<\/p><p>In caso di reso, il Venditore si riserva il diritto di ispezionare il prodotto e il materiale fotografico inviato dal Cliente prima di procedere al rimborso.<\/p><p><br \/><strong>Legge applicabile.<\/strong><\/p><p>Tutti i contratti conclusi si considerano eseguiti in Italia e sono soggetti alle leggi italiane.<\/p><p><br \/><strong>Forza Maggiore<\/strong><\/p><p>Il Venditore non potr\u00e0 essere ritenuto responsabile nel caso in cui non riesca ad evadere l&#039;ordine o ne ritardi l&#039;esecuzione per cause di forza maggiore (a titolo esemplificativo e non esaustivo, blocchi della produzione imposti da provvedimenti legislativi o amministrativi, epidemie, scioperi, eventi atmosferici, incendi, alluvioni), anche qualora tali eventi impediscano o ritardino l&#039;attivit\u00e0 del corriere incaricato della consegna del prodotto ordinato.<\/p><p><br \/><strong>Giurisdizione<\/strong><\/p><p>Per la risoluzione di eventuali controversie derivanti dall&#039;interpretazione, esecuzione e risoluzione del contratto di vendita a distanza, se il Cliente \u00e8 un consumatore (ossia una persona fisica che acquista i prodotti non per scopi riferibili alla propria attivit\u00e0 professionale) la competenza territoriale \u00e8 del tribunale del luogo di residenza o di domicilio del consumatore, se ubicati in Italia (art. 63 D.lgs. 205\/2006 e successive modifiche). <br \/>Se invece il cliente \u00e8 un professionista (o qualunque altro soggetto o persona che non rientri nella definizione di consumatore), il foro competente per la risoluzione delle controversie \u00e8 quello di Parma.<\/p>\t\t\t\t\t\t\t\t<\/div>\n\t\t\t\t<\/div>\n\t\t\t\t\t<\/div>\n\t\t\t\t<\/div>\n\t\t\t\t<\/div>","protected":false},"excerpt":{"rendered":"<p>Terms &amp; Conditions These Conditions of Sale govern the telematic purchase of products and accessories made through the site www.rickdothings.com (hereinafter \u201cthe Site\u201d). These conditions are formulated and provided in compliance with the provisions governed by Legislative Decree 09.04.2003 no. 70 as amended. , by Legislative Decree No. 206 of September 6, 2005 (Consumer Code) [&hellip;]<\/p>","protected":false},"author":1,"featured_media":0,"parent":0,"menu_order":21,"comment_status":"closed","ping_status":"closed","template":"","meta":{"footnotes":""},"class_list":["post-4235","page","type-page","status-publish","hentry"],"_links":{"self":[{"href":"https:\/\/rickdothings.com\/it\/wp-json\/wp\/v2\/pages\/4235","targetHints":{"allow":["GET"]}}],"collection":[{"href":"https:\/\/rickdothings.com\/it\/wp-json\/wp\/v2\/pages"}],"about":[{"href":"https:\/\/rickdothings.com\/it\/wp-json\/wp\/v2\/types\/page"}],"author":[{"embeddable":true,"href":"https:\/\/rickdothings.com\/it\/wp-json\/wp\/v2\/users\/1"}],"replies":[{"embeddable":true,"href":"https:\/\/rickdothings.com\/it\/wp-json\/wp\/v2\/comments?post=4235"}],"version-history":[{"count":0,"href":"https:\/\/rickdothings.com\/it\/wp-json\/wp\/v2\/pages\/4235\/revisions"}],"wp:attachment":[{"href":"https:\/\/rickdothings.com\/it\/wp-json\/wp\/v2\/media?parent=4235"}],"curies":[{"name":"wp","href":"https:\/\/api.w.org\/{rel}","templated":true}]}}